{"id":201,"date":"2025-05-29T12:10:07","date_gmt":"2025-05-29T15:10:07","guid":{"rendered":"https:\/\/engepratfundiaria.com.br\/?page_id=201"},"modified":"2025-05-30T11:49:54","modified_gmt":"2025-05-30T14:49:54","slug":"servicos","status":"publish","type":"page","link":"https:\/\/engepratfundiaria.com.br\/?page_id=201","title":{"rendered":"Solu\u00e7\u00f5es Integradas"},"content":{"rendered":"\n<div style=\"height:29px\" aria-hidden=\"true\" class=\"wp-block-spacer\"><\/div>\n\n\n\n<p class=\"has-text-align-center\">A <strong>Engeprat<\/strong> expandiu sua atua\u00e7\u00e3o para a regulariza\u00e7\u00e3o fundi\u00e1ria, unindo expertise t\u00e9cnica e compromisso social. Com foco em legalizar e urbanizar \u00e1reas informais, a empresa passou a contribuir diretamente para a inclus\u00e3o social e o desenvolvimento urbano sustent\u00e1vel.<br><br>Com dom\u00ednio em pesquisa fundi\u00e1ria, aerofotogametria, topografia, cartografia, geoprocessamento e cadastro social, asseguramos precis\u00e3o t\u00e9cnica e excel\u00eancia em todos os processos de regulariza\u00e7\u00e3o.<\/p>\n\n\n\n<div style=\"height:39px\" aria-hidden=\"true\" class=\"wp-block-spacer\"><\/div>\n\n\n\n<h2 class=\"wp-block-heading alignfull has-text-align-center has-light-color-color has-secondary-background-color has-text-color has-background has-link-color has-large-font-size wp-elements-c1b7998857ac20c6b01bfe227b255c64\">Pesquisa Fundi\u00e1ria<\/h2>\n\n\n\n<div style=\"height:30px\" aria-hidden=\"true\" class=\"wp-block-spacer\"><\/div>\n\n\n\n<div class=\"wp-block-media-text is-stacked-on-mobile is-vertically-aligned-center\" style=\"grid-template-columns:39% auto\"><figure class=\"wp-block-media-text__media\"><img loading=\"lazy\" decoding=\"async\" width=\"1024\" height=\"701\" src=\"https:\/\/engepratfundiaria.com.br\/wp-content\/uploads\/2025\/05\/Juridico-4-1024x701.png\" alt=\"\" class=\"wp-image-246 size-full\" srcset=\"https:\/\/engepratfundiaria.com.br\/wp-content\/uploads\/2025\/05\/Juridico-4-1024x701.png 1024w, https:\/\/engepratfundiaria.com.br\/wp-content\/uploads\/2025\/05\/Juridico-4-300x205.png 300w, https:\/\/engepratfundiaria.com.br\/wp-content\/uploads\/2025\/05\/Juridico-4-768x526.png 768w, https:\/\/engepratfundiaria.com.br\/wp-content\/uploads\/2025\/05\/Juridico-4-1536x1052.png 1536w, https:\/\/engepratfundiaria.com.br\/wp-content\/uploads\/2025\/05\/Juridico-4-2048x1402.png 2048w\" sizes=\"auto, (max-width: 1024px) 100vw, 1024px\" \/><\/figure><div class=\"wp-block-media-text__content\">\n<p class=\"has-text-align-center\">A legitima\u00e7\u00e3o fundi\u00e1ria \u00e9 uma medida jur\u00eddica que visa regularizar \u00e1reas urbanas de interesse social, sendo conduzida pelo poder p\u00fablico. Seu objetivo \u00e9 legalizar a situa\u00e7\u00e3o de moradia em assentamentos informais, conferindo direitos de propriedade ou posse aos residentes. <br>Essa a\u00e7\u00e3o garante seguran\u00e7a jur\u00eddica, promove a valoriza\u00e7\u00e3o das \u00e1reas e fortalece a inclus\u00e3o social, assegurando o direito \u00e0 moradia digna e a cidadania plena. <\/p>\n<\/div><\/div>\n\n\n\n<div style=\"height:28px\" aria-hidden=\"true\" class=\"wp-block-spacer\"><\/div>\n\n\n\n<h2 class=\"wp-block-heading alignfull has-text-align-center has-light-color-color has-primary-background-color has-text-color has-background has-link-color has-large-font-size wp-elements-d1606fc723fce779be4da6ec05a35f43\">Aerofotogametria<\/h2>\n\n\n\n<div style=\"height:29px\" aria-hidden=\"true\" class=\"wp-block-spacer\"><\/div>\n\n\n\n<p class=\"has-text-align-center\">Mapeamento a\u00e9reo que utiliza imagens capturadas por drones para gerar dados georreferenciados precisos do terreno. Essa t\u00e9cnica permite maior agilidade, economia e detalhamento em projetos de engenharia, topografia e regulariza\u00e7\u00e3o fundi\u00e1ria, oferecendo aos clientes informa\u00e7\u00f5es confi\u00e1veis para tomada de decis\u00e3o e planejamento estrat\u00e9gico.<\/p>\n\n\n\n<div style=\"height:30px\" aria-hidden=\"true\" class=\"wp-block-spacer\"><\/div>\n\n\n\n<figure class=\"wp-block-embed is-type-video is-provider-youtube wp-block-embed-youtube wp-embed-aspect-16-9 wp-has-aspect-ratio\"><div class=\"wp-block-embed__wrapper\">\n<iframe loading=\"lazy\" title=\"NUVEM DE PONTOS\" width=\"500\" height=\"281\" src=\"https:\/\/www.youtube.com\/embed\/BJPqPq5Gncg?feature=oembed\" frameborder=\"0\" allow=\"accelerometer; autoplay; clipboard-write; encrypted-media; gyroscope; picture-in-picture; web-share\" referrerpolicy=\"strict-origin-when-cross-origin\" allowfullscreen><\/iframe>\n<\/div><\/figure>\n\n\n\n<div style=\"height:30px\" aria-hidden=\"true\" class=\"wp-block-spacer\"><\/div>\n\n\n\n<h2 class=\"wp-block-heading alignfull has-text-align-center has-light-color-color has-secondary-background-color has-text-color has-background has-link-color has-large-font-size wp-elements-ea4a32b81ec4e3172ef1bbff84dd679d\">Topografia<\/h2>\n\n\n\n<div style=\"height:30px\" aria-hidden=\"true\" class=\"wp-block-spacer\"><\/div>\n\n\n\n<p class=\"has-text-align-center\">O levantamento t\u00e9cnico das caracter\u00edsticas f\u00edsicas de um terreno e essencial para a elabora\u00e7\u00e3o de projetos. Um servi\u00e7o topogr\u00e1fico bem executado reduz riscos, otimiza recursos e assegura conformidade com normas legais.<\/p>\n\n\n\n<div style=\"height:32px\" aria-hidden=\"true\" class=\"wp-block-spacer\"><\/div>\n\n\n\n<ul class=\"wp-block-list\">\n<li>GNSS<\/li>\n\n\n\n<li>Track de vias<\/li>\n\n\n\n<li>Ponto de controle altim\u00e9trico<\/li>\n\n\n\n<li>Fei\u00e7\u00f5es e foto fachada<\/li>\n\n\n\n<li>Pr\u00e9-reambula\u00e7\u00e3o<\/li>\n\n\n\n<li>Aplicativo de campo<\/li>\n<\/ul>\n\n\n\n<div style=\"height:35px\" aria-hidden=\"true\" class=\"wp-block-spacer\"><\/div>\n\n\n\n<div class=\"wp-block-columns is-layout-flex wp-container-core-columns-is-layout-28f84493 wp-block-columns-is-layout-flex\">\n<div class=\"wp-block-column is-layout-flow wp-block-column-is-layout-flow\">\n<figure class=\"wp-block-image aligncenter size-full is-resized\"><img loading=\"lazy\" decoding=\"async\" width=\"827\" height=\"542\" src=\"https:\/\/engepratfundiaria.com.br\/wp-content\/uploads\/2025\/05\/Topografia.png\" alt=\"\" class=\"wp-image-301\" style=\"width:805px;height:auto\" srcset=\"https:\/\/engepratfundiaria.com.br\/wp-content\/uploads\/2025\/05\/Topografia.png 827w, https:\/\/engepratfundiaria.com.br\/wp-content\/uploads\/2025\/05\/Topografia-300x197.png 300w, https:\/\/engepratfundiaria.com.br\/wp-content\/uploads\/2025\/05\/Topografia-768x503.png 768w\" sizes=\"auto, (max-width: 827px) 100vw, 827px\" \/><\/figure>\n<\/div>\n<\/div>\n\n\n\n<div style=\"height:30px\" aria-hidden=\"true\" class=\"wp-block-spacer\"><\/div>\n\n\n\n<h2 class=\"wp-block-heading alignfull has-text-align-center has-light-color-color has-primary-background-color has-text-color has-background has-link-color has-large-font-size wp-elements-c9ccb6c0e562ac5a1f8aa34ab6cc3e84\">Cartografia<\/h2>\n\n\n\n<div class=\"wp-block-media-text has-media-on-the-right is-stacked-on-mobile\"><div class=\"wp-block-media-text__content\">\n<p class=\"has-text-align-center\">Representa\u00e7\u00f5es de \u00e1reas geogr\u00e1ficas por meio de plantas, reunindo informa\u00e7\u00f5es espaciais essenciais para o planejamento urbano, ambiental e territorial. Ferramenta estrat\u00e9gica que orienta projetos oferecendo base visual e t\u00e9cnica para decis\u00f5es assertivas e seguras.<\/p>\n<\/div><figure class=\"wp-block-media-text__media\"><img loading=\"lazy\" decoding=\"async\" width=\"1000\" height=\"1000\" src=\"https:\/\/engepratfundiaria.com.br\/wp-content\/uploads\/2025\/04\/VETOR.png\" alt=\"\" class=\"wp-image-123 size-full\" srcset=\"https:\/\/engepratfundiaria.com.br\/wp-content\/uploads\/2025\/04\/VETOR.png 1000w, https:\/\/engepratfundiaria.com.br\/wp-content\/uploads\/2025\/04\/VETOR-300x300.png 300w, https:\/\/engepratfundiaria.com.br\/wp-content\/uploads\/2025\/04\/VETOR-150x150.png 150w, https:\/\/engepratfundiaria.com.br\/wp-content\/uploads\/2025\/04\/VETOR-768x768.png 768w\" sizes=\"auto, (max-width: 1000px) 100vw, 1000px\" \/><\/figure><\/div>\n\n\n\n<div style=\"height:31px\" aria-hidden=\"true\" class=\"wp-block-spacer\"><\/div>\n\n\n\n<h2 class=\"wp-block-heading alignfull has-text-align-center has-light-color-color has-secondary-background-color has-text-color has-background has-link-color has-large-font-size wp-elements-4e1293ebc792f6b9145afbaf65ad7fb8\">Geoprocessamento<\/h2>\n\n\n\n<div style=\"height:30px\" aria-hidden=\"true\" class=\"wp-block-spacer\"><\/div>\n\n\n\n<p class=\"has-text-align-center\">Integra\u00e7\u00e3o de dados geogr\u00e1ficos com sistemas computacionais para analisar, visualizar e gerir informa\u00e7\u00f5es espaciais. S\u00e3o realizados processamentos, tratamento de dados georreferenciados e an\u00e1lise de informa\u00e7\u00f5es geogr\u00e1ficas. <br><br>Setor respons\u00e1vel pelo gerenciamento de toda a cadeia produtiva e respons\u00e1vel pela an\u00e1lise de dados do cliente.<\/p>\n\n\n\n<div style=\"height:33px\" aria-hidden=\"true\" class=\"wp-block-spacer\"><\/div>\n\n\n\n<figure class=\"wp-block-image aligncenter size-full is-resized\"><img loading=\"lazy\" decoding=\"async\" width=\"320\" height=\"240\" src=\"https:\/\/engepratfundiaria.com.br\/wp-content\/uploads\/2025\/05\/Imagem5.gif\" alt=\"\" class=\"wp-image-250\" style=\"width:652px;height:auto\"\/><\/figure>\n\n\n\n<div style=\"height:35px\" aria-hidden=\"true\" class=\"wp-block-spacer\"><\/div>\n\n\n\n<h2 class=\"wp-block-heading alignfull has-text-align-center has-light-color-color has-primary-background-color has-text-color has-background has-link-color has-large-font-size wp-elements-c9990423325e5881045044ee46c43312\">Cadastro Social<\/h2>\n\n\n\n<div style=\"height:31px\" aria-hidden=\"true\" class=\"wp-block-spacer\"><\/div>\n\n\n\n<p class=\"has-text-align-center\">O cadastro social est\u00e1 vinculado diretamente ao setor de Geoprocessamento, pois todas a\u00e7\u00f5es s\u00e3o realizadas ap\u00f3s a libera\u00e7\u00e3o das comunidades\/n\u00facleos no aplicativo de campo. Setor respons\u00e1vel pelo cadastramento e coleta da documenta\u00e7\u00e3o dos propriet\u00e1rios dos lotes\/casas a serem tituladas.<\/p>\n\n\n\n<div style=\"height:30px\" aria-hidden=\"true\" class=\"wp-block-spacer\"><\/div>\n\n\n\n<figure class=\"wp-block-image aligncenter size-full is-resized\"><img loading=\"lazy\" decoding=\"async\" width=\"1560\" height=\"978\" src=\"https:\/\/engepratfundiaria.com.br\/wp-content\/uploads\/2025\/05\/cadastro-1.png\" alt=\"\" class=\"wp-image-253\" style=\"width:652px;height:auto\" srcset=\"https:\/\/engepratfundiaria.com.br\/wp-content\/uploads\/2025\/05\/cadastro-1.png 1560w, https:\/\/engepratfundiaria.com.br\/wp-content\/uploads\/2025\/05\/cadastro-1-300x188.png 300w, https:\/\/engepratfundiaria.com.br\/wp-content\/uploads\/2025\/05\/cadastro-1-1024x642.png 1024w, https:\/\/engepratfundiaria.com.br\/wp-content\/uploads\/2025\/05\/cadastro-1-768x481.png 768w, https:\/\/engepratfundiaria.com.br\/wp-content\/uploads\/2025\/05\/cadastro-1-1536x963.png 1536w\" sizes=\"auto, (max-width: 1560px) 100vw, 1560px\" \/><\/figure>\n\n\n\n<div style=\"height:35px\" aria-hidden=\"true\" class=\"wp-block-spacer\"><\/div>\n\n\n\n<p class=\"has-text-align-center\"><strong>S\u00e3o realizados treinamentos e capacita\u00e7\u00f5es ao longo do tempo<\/strong><\/p>\n\n\n\n<div style=\"height:37px\" aria-hidden=\"true\" class=\"wp-block-spacer\"><\/div>\n\n\n\n<figure class=\"wp-block-image aligncenter size-large is-resized\"><img loading=\"lazy\" decoding=\"async\" width=\"1024\" height=\"576\" src=\"https:\/\/engepratfundiaria.com.br\/wp-content\/uploads\/2025\/05\/WhatsApp-Image-2025-05-29-at-17.43.17-1024x576.jpeg\" alt=\"\" class=\"wp-image-288\" style=\"width:666px;height:auto\" srcset=\"https:\/\/engepratfundiaria.com.br\/wp-content\/uploads\/2025\/05\/WhatsApp-Image-2025-05-29-at-17.43.17-1024x576.jpeg 1024w, https:\/\/engepratfundiaria.com.br\/wp-content\/uploads\/2025\/05\/WhatsApp-Image-2025-05-29-at-17.43.17-300x169.jpeg 300w, https:\/\/engepratfundiaria.com.br\/wp-content\/uploads\/2025\/05\/WhatsApp-Image-2025-05-29-at-17.43.17-768x432.jpeg 768w, https:\/\/engepratfundiaria.com.br\/wp-content\/uploads\/2025\/05\/WhatsApp-Image-2025-05-29-at-17.43.17-1536x864.jpeg 1536w, https:\/\/engepratfundiaria.com.br\/wp-content\/uploads\/2025\/05\/WhatsApp-Image-2025-05-29-at-17.43.17-2048x1153.jpeg 2048w\" sizes=\"auto, (max-width: 1024px) 100vw, 1024px\" \/><\/figure>\n\n\n\n<div style=\"height:37px\" aria-hidden=\"true\" class=\"wp-block-spacer\"><\/div>\n\n\n\n<figure class=\"wp-block-image aligncenter size-full is-resized\"><img loading=\"lazy\" decoding=\"async\" width=\"605\" height=\"394\" src=\"https:\/\/engepratfundiaria.com.br\/wp-content\/uploads\/2025\/05\/cadastro-6.jpg\" alt=\"\" class=\"wp-image-289\" style=\"width:666px;height:auto\" srcset=\"https:\/\/engepratfundiaria.com.br\/wp-content\/uploads\/2025\/05\/cadastro-6.jpg 605w, https:\/\/engepratfundiaria.com.br\/wp-content\/uploads\/2025\/05\/cadastro-6-300x195.jpg 300w\" sizes=\"auto, (max-width: 605px) 100vw, 605px\" \/><\/figure>\n\n\n\n<div style=\"height:37px\" aria-hidden=\"true\" class=\"wp-block-spacer\"><\/div>\n\n\n\n<h2 class=\"wp-block-heading alignfull has-text-align-center has-light-color-color has-secondary-background-color has-text-color has-background has-link-color has-large-font-size wp-elements-e46c76e3589a8efe7d185a25f1a6d42a\">Tecnologia<\/h2>\n\n\n\n<div style=\"height:40px\" aria-hidden=\"true\" class=\"wp-block-spacer\"><\/div>\n\n\n\n<p class=\"has-text-align-center\">Contamos com uma \u00e1rea dedicada \u00e0 tecnologia da informa\u00e7\u00e3o, respons\u00e1veis pelo desenvolvimento de aplicativos, automa\u00e7\u00f5es de processos e integra\u00e7\u00f5es de sistemas. Essa estrutura garante mais agilidade, precis\u00e3o e controle nas opera\u00e7\u00f5es, al\u00e9m de oferecer solu\u00e7\u00f5es inovadoras que fortalecem a efici\u00eancia dos nossos projetos e a qualidade do atendimento aos clientes.<\/p>\n\n\n\n<div style=\"height:35px\" aria-hidden=\"true\" class=\"wp-block-spacer\"><\/div>\n\n\n\n<p class=\"has-text-align-center\"><strong>Aplicativo de campo utilizado pelo cadastro social<\/strong><\/p>\n\n\n\n<div style=\"height:35px\" aria-hidden=\"true\" class=\"wp-block-spacer\"><\/div>\n\n\n\n<div class=\"wp-block-columns is-layout-flex wp-container-core-columns-is-layout-28f84493 wp-block-columns-is-layout-flex\">\n<div class=\"wp-block-column is-layout-flow wp-block-column-is-layout-flow\">\n<figure class=\"wp-block-image aligncenter size-full\"><img loading=\"lazy\" decoding=\"async\" width=\"819\" height=\"536\" src=\"https:\/\/engepratfundiaria.com.br\/wp-content\/uploads\/2025\/05\/Aplicativo.png\" alt=\"\" class=\"wp-image-300\" srcset=\"https:\/\/engepratfundiaria.com.br\/wp-content\/uploads\/2025\/05\/Aplicativo.png 819w, https:\/\/engepratfundiaria.com.br\/wp-content\/uploads\/2025\/05\/Aplicativo-300x196.png 300w, https:\/\/engepratfundiaria.com.br\/wp-content\/uploads\/2025\/05\/Aplicativo-768x503.png 768w\" sizes=\"auto, (max-width: 819px) 100vw, 819px\" \/><\/figure>\n<\/div>\n<\/div>\n\n\n\n<div style=\"height:40px\" aria-hidden=\"true\" class=\"wp-block-spacer\"><\/div>\n\n\n\n<h2 class=\"wp-block-heading alignfull has-text-align-center has-light-color-color has-primary-background-color has-text-color has-background has-link-color has-large-font-size wp-elements-ea95d6f1d34bc93bde129a6443437559\">SEGURAN\u00c7A JUR\u00cdDICA PARA UM FUTURO DIGNO!<\/h2>\n\n\n\n<div style=\"height:40px\" aria-hidden=\"true\" class=\"wp-block-spacer\"><\/div>\n\n\n\n<p class=\"has-text-align-center\">Atuamos de forma integrada para transformar \u00e1reas informais em comunidades legalizadas, urbanizadas e reconhecidas oficialmente. Com uma equipe t\u00e9cnica multidisciplinar e o uso de tecnologias, entregamos solu\u00e7\u00f5es completas e precisas para prefeituras e \u00f3rg\u00e3os p\u00fablicos. Comprometidos com a inclus\u00e3o social, seguran\u00e7a jur\u00eddica e desenvolvimento urbano com qualidade e responsabilidade.<\/p>\n\n\n\n<div style=\"height:46px\" aria-hidden=\"true\" class=\"wp-block-spacer\"><\/div>\n","protected":false},"excerpt":{"rendered":"<p>A Engeprat expandiu sua atua\u00e7\u00e3o para a regulariza\u00e7\u00e3o fundi\u00e1ria, unindo expertise t\u00e9cnica e compromisso social&#8230;.<\/p>\n","protected":false},"author":2,"featured_media":0,"parent":0,"menu_order":0,"comment_status":"open","ping_status":"closed","template":"","meta":{"footnotes":""},"class_list":["post-201","page","type-page","status-publish","hentry"],"_links":{"self":[{"href":"https:\/\/engepratfundiaria.com.br\/index.php?rest_route=\/wp\/v2\/pages\/201","targetHints":{"allow":["GET"]}}],"collection":[{"href":"https:\/\/engepratfundiaria.com.br\/index.php?rest_route=\/wp\/v2\/pages"}],"about":[{"href":"https:\/\/engepratfundiaria.com.br\/index.php?rest_route=\/wp\/v2\/types\/page"}],"author":[{"embeddable":true,"href":"https:\/\/engepratfundiaria.com.br\/index.php?rest_route=\/wp\/v2\/users\/2"}],"replies":[{"embeddable":true,"href":"https:\/\/engepratfundiaria.com.br\/index.php?rest_route=%2Fwp%2Fv2%2Fcomments&post=201"}],"version-history":[{"count":32,"href":"https:\/\/engepratfundiaria.com.br\/index.php?rest_route=\/wp\/v2\/pages\/201\/revisions"}],"predecessor-version":[{"id":303,"href":"https:\/\/engepratfundiaria.com.br\/index.php?rest_route=\/wp\/v2\/pages\/201\/revisions\/303"}],"wp:attachment":[{"href":"https:\/\/engepratfundiaria.com.br\/index.php?rest_route=%2Fwp%2Fv2%2Fmedia&parent=201"}],"curies":[{"name":"wp","href":"https:\/\/api.w.org\/{rel}","templated":true}]}}